{"id":41,"date":"2023-09-05T14:40:09","date_gmt":"2023-09-05T17:40:09","guid":{"rendered":"https:\/\/convite.choppexpress.com.br\/?page_id=41"},"modified":"2024-09-16T12:43:31","modified_gmt":"2024-09-16T15:43:31","slug":"home","status":"publish","type":"page","link":"https:\/\/convite.choppexpress.com.br\/","title":{"rendered":"Home"},"content":{"rendered":"\t\t<div data-elementor-type=\"wp-page\" data-elementor-id=\"41\" class=\"elementor elementor-41\">\n\t\t\t\t<div class=\"elementor-element elementor-element-e85ea43 e-flex e-con-boxed e-con e-parent\" data-id=\"e85ea43\" data-element_type=\"container\" data-e-type=\"container\" data-settings=\"{&quot;background_background&quot;:&quot;classic&quot;}\">\n\t\t\t\t\t<div class=\"e-con-inner\">\n\t\t<div class=\"elementor-element elementor-element-9aa5fe7 e-con-full e-flex e-con e-child\" data-id=\"9aa5fe7\" data-element_type=\"container\" data-e-type=\"container\">\n\t\t\t\t<div class=\"elementor-element elementor-element-3aba349 animated-slow elementor-invisible elementor-widget elementor-widget-heading\" data-id=\"3aba349\" data-element_type=\"widget\" data-e-type=\"widget\" data-settings=\"{&quot;_animation&quot;:&quot;fadeInUp&quot;}\" data-widget_type=\"heading.default\">\n\t\t\t\t<div class=\"elementor-widget-container\">\n\t\t\t\t\t<h5 class=\"elementor-heading-title elementor-size-default\">Bem vindo ao Chopp Express<\/h5>\t\t\t\t<\/div>\n\t\t\t\t<\/div>\n\t\t\t\t<div class=\"elementor-element elementor-element-6d422d9 animated-slow elementor-invisible elementor-widget elementor-widget-heading\" data-id=\"6d422d9\" data-element_type=\"widget\" data-e-type=\"widget\" data-settings=\"{&quot;_animation&quot;:&quot;fadeInDown&quot;}\" data-widget_type=\"heading.default\">\n\t\t\t\t<div class=\"elementor-widget-container\">\n\t\t\t\t\t<h1 class=\"elementor-heading-title elementor-size-default\">Fa\u00e7a parte da maior Plataforma de Chopp do Brasil<\/h1>\t\t\t\t<\/div>\n\t\t\t\t<\/div>\n\t\t\t\t<div class=\"elementor-element elementor-element-09b9a69 elementor-align-left animated-slow elementor-tablet-align-left elementor-invisible elementor-widget elementor-widget-button\" data-id=\"09b9a69\" data-element_type=\"widget\" data-e-type=\"widget\" data-settings=\"{&quot;_animation&quot;:&quot;fadeInUp&quot;}\" data-widget_type=\"button.default\">\n\t\t\t\t<div class=\"elementor-widget-container\">\n\t\t\t\t\t\t\t\t\t<div class=\"elementor-button-wrapper\">\n\t\t\t\t\t<a class=\"elementor-button elementor-button-link elementor-size-sm elementor-animation-float\" href=\"https:\/\/wa.me\/5541999711051?text=Quero%20fazer%20parte%20do%20Chopp%20Express.%20A%20Maior%20Plataforma%20de%20Chopp%20do%20Brasil.\">\n\t\t\t\t\t\t<span class=\"elementor-button-content-wrapper\">\n\t\t\t\t\t\t\t\t\t<span class=\"elementor-button-text\">QUERO FAZER PARTE<\/span>\n\t\t\t\t\t<\/span>\n\t\t\t\t\t<\/a>\n\t\t\t\t<\/div>\n\t\t\t\t\t\t\t\t<\/div>\n\t\t\t\t<\/div>\n\t\t\t\t<\/div>\n\t\t<div class=\"elementor-element elementor-element-8e52195 e-con-full e-flex e-con e-child\" data-id=\"8e52195\" data-element_type=\"container\" data-e-type=\"container\">\n\t\t\t\t<\/div>\n\t\t\t\t\t<\/div>\n\t\t\t\t<\/div>\n\t\t<div class=\"elementor-element elementor-element-6d24dbe e-flex e-con-boxed e-con e-parent\" data-id=\"6d24dbe\" data-element_type=\"container\" data-e-type=\"container\">\n\t\t\t\t\t<div class=\"e-con-inner\">\n\t\t\t\t<div class=\"elementor-element elementor-element-f59a0e8 elementor-widget elementor-widget-heading\" data-id=\"f59a0e8\" data-element_type=\"widget\" data-e-type=\"widget\" data-widget_type=\"heading.default\">\n\t\t\t\t<div class=\"elementor-widget-container\">\n\t\t\t\t\t<h2 class=\"elementor-heading-title elementor-size-default\">Mais de 45 mil acessos org\u00e2nicos ao site por m\u00eas:<\/h2>\t\t\t\t<\/div>\n\t\t\t\t<\/div>\n\t\t\t\t<div class=\"elementor-element elementor-element-9307a54 elementor-widget elementor-widget-text-editor\" data-id=\"9307a54\" data-element_type=\"widget\" data-e-type=\"widget\" data-widget_type=\"text-editor.default\">\n\t\t\t\t<div class=\"elementor-widget-container\">\n\t\t\t\t\t\t\t\t\t<p>Geramos grande visibilidade e oportunidades de neg\u00f3cios para o seu delivery.<\/p>\t\t\t\t\t\t\t\t<\/div>\n\t\t\t\t<\/div>\n\t\t\t\t<div class=\"elementor-element elementor-element-3c05ee1 elementor-widget elementor-widget-gallery\" data-id=\"3c05ee1\" data-element_type=\"widget\" data-e-type=\"widget\" data-settings=\"{&quot;gallery_layout&quot;:&quot;justified&quot;,&quot;ideal_row_height&quot;:{&quot;unit&quot;:&quot;px&quot;,&quot;size&quot;:120,&quot;sizes&quot;:[]},&quot;gap&quot;:{&quot;unit&quot;:&quot;px&quot;,&quot;size&quot;:20,&quot;sizes&quot;:[]},&quot;ideal_row_height_tablet&quot;:{&quot;unit&quot;:&quot;px&quot;,&quot;size&quot;:189,&quot;sizes&quot;:[]},&quot;lazyload&quot;:&quot;yes&quot;,&quot;ideal_row_height_mobile&quot;:{&quot;unit&quot;:&quot;px&quot;,&quot;size&quot;:150,&quot;sizes&quot;:[]},&quot;gap_tablet&quot;:{&quot;unit&quot;:&quot;px&quot;,&quot;size&quot;:10,&quot;sizes&quot;:[]},&quot;gap_mobile&quot;:{&quot;unit&quot;:&quot;px&quot;,&quot;size&quot;:10,&quot;sizes&quot;:[]},&quot;link_to&quot;:&quot;file&quot;,&quot;overlay_background&quot;:&quot;yes&quot;,&quot;content_hover_animation&quot;:&quot;fade-in&quot;}\" data-widget_type=\"gallery.default\">\n\t\t\t\t<div class=\"elementor-widget-container\">\n\t\t\t\t\t\t\t<div class=\"elementor-gallery__container\">\n\t\t\t\t\t\t\t<a class=\"e-gallery-item elementor-gallery-item elementor-animated-content\" href=\"https:\/\/convite.choppexpress.com.br\/wp-content\/uploads\/2024\/09\/choppexpress.jpeg\" data-elementor-open-lightbox=\"yes\" data-elementor-lightbox-slideshow=\"all-3c05ee1\" data-elementor-lightbox-title=\"choppexpress\" data-e-action-hash=\"#elementor-action%3Aaction%3Dlightbox%26settings%3DeyJpZCI6MjYzLCJ1cmwiOiJodHRwczpcL1wvY29udml0ZS5jaG9wcGV4cHJlc3MuY29tLmJyXC93cC1jb250ZW50XC91cGxvYWRzXC8yMDI0XC8wOVwvY2hvcHBleHByZXNzLmpwZWciLCJzbGlkZXNob3ciOiJhbGwtM2MwNWVlMSJ9\">\n\t\t\t\t\t<div class=\"e-gallery-image elementor-gallery-item__image\" data-thumbnail=\"https:\/\/convite.choppexpress.com.br\/wp-content\/uploads\/2024\/09\/choppexpress-768x310.jpeg\" data-width=\"768\" data-height=\"310\" aria-label=\"\" role=\"img\" ><\/div>\n\t\t\t\t\t\t\t\t\t\t\t<div class=\"elementor-gallery-item__overlay\"><\/div>\n\t\t\t\t\t\t\t\t\t\t\t\t\t\t<\/a>\n\t\t\t\t\t\t\t<a class=\"e-gallery-item elementor-gallery-item elementor-animated-content\" href=\"https:\/\/convite.choppexpress.com.br\/wp-content\/uploads\/2023\/09\/WhatsApp-Image-2023-09-20-at-19.01.59.jpeg\" data-elementor-open-lightbox=\"yes\" data-elementor-lightbox-slideshow=\"all-3c05ee1\" data-elementor-lightbox-title=\"Velocidade\" data-e-action-hash=\"#elementor-action%3Aaction%3Dlightbox%26settings%3DeyJpZCI6MTA3LCJ1cmwiOiJodHRwczpcL1wvY29udml0ZS5jaG9wcGV4cHJlc3MuY29tLmJyXC93cC1jb250ZW50XC91cGxvYWRzXC8yMDIzXC8wOVwvV2hhdHNBcHAtSW1hZ2UtMjAyMy0wOS0yMC1hdC0xOS4wMS41OS5qcGVnIiwic2xpZGVzaG93IjoiYWxsLTNjMDVlZTEifQ%3D%3D\">\n\t\t\t\t\t<div class=\"e-gallery-image elementor-gallery-item__image\" data-thumbnail=\"https:\/\/convite.choppexpress.com.br\/wp-content\/uploads\/2023\/09\/WhatsApp-Image-2023-09-20-at-19.01.59-768x255.jpeg\" data-width=\"768\" data-height=\"255\" aria-label=\"\" role=\"img\" ><\/div>\n\t\t\t\t\t\t\t\t\t\t\t<div class=\"elementor-gallery-item__overlay\"><\/div>\n\t\t\t\t\t\t\t\t\t\t\t\t\t\t<\/a>\n\t\t\t\t\t\t\t<a class=\"e-gallery-item elementor-gallery-item elementor-animated-content\" href=\"https:\/\/convite.choppexpress.com.br\/wp-content\/uploads\/2023\/10\/WhatsApp-Image-2023-10-16-at-11.21.01.jpeg\" data-elementor-open-lightbox=\"yes\" data-elementor-lightbox-slideshow=\"all-3c05ee1\" data-elementor-lightbox-title=\"Ranking palavras-chave\" data-e-action-hash=\"#elementor-action%3Aaction%3Dlightbox%26settings%3DeyJpZCI6MjUwLCJ1cmwiOiJodHRwczpcL1wvY29udml0ZS5jaG9wcGV4cHJlc3MuY29tLmJyXC93cC1jb250ZW50XC91cGxvYWRzXC8yMDIzXC8xMFwvV2hhdHNBcHAtSW1hZ2UtMjAyMy0xMC0xNi1hdC0xMS4yMS4wMS5qcGVnIiwic2xpZGVzaG93IjoiYWxsLTNjMDVlZTEifQ%3D%3D\">\n\t\t\t\t\t<div class=\"e-gallery-image elementor-gallery-item__image\" data-thumbnail=\"https:\/\/convite.choppexpress.com.br\/wp-content\/uploads\/2023\/10\/WhatsApp-Image-2023-10-16-at-11.21.01-768x269.jpeg\" data-width=\"768\" data-height=\"269\" aria-label=\"\" role=\"img\" ><\/div>\n\t\t\t\t\t\t\t\t\t\t\t<div class=\"elementor-gallery-item__overlay\"><\/div>\n\t\t\t\t\t\t\t\t\t\t\t\t\t\t<\/a>\n\t\t\t\t\t<\/div>\n\t\t\t\t\t<\/div>\n\t\t\t\t<\/div>\n\t\t\t\t\t<\/div>\n\t\t\t\t<\/div>\n\t\t<div class=\"elementor-element elementor-element-7787458 e-flex e-con-boxed e-con e-parent\" data-id=\"7787458\" data-element_type=\"container\" data-e-type=\"container\">\n\t\t\t\t\t<div class=\"e-con-inner\">\n\t\t<div class=\"elementor-element elementor-element-63abb95 e-con-full e-flex elementor-invisible e-con e-child\" data-id=\"63abb95\" data-element_type=\"container\" data-e-type=\"container\" data-settings=\"{&quot;animation&quot;:&quot;fadeInLeft&quot;}\">\n\t\t\t\t<div class=\"elementor-element elementor-element-12a6100 elementor-widget elementor-widget-heading\" data-id=\"12a6100\" data-element_type=\"widget\" data-e-type=\"widget\" data-widget_type=\"heading.default\">\n\t\t\t\t<div class=\"elementor-widget-container\">\n\t\t\t\t\t<h2 class=\"elementor-heading-title elementor-size-default\">Um site r\u00e1pido e de f\u00e1cil navega\u00e7\u00e3o <\/h2>\t\t\t\t<\/div>\n\t\t\t\t<\/div>\n\t\t\t\t<div class=\"elementor-element elementor-element-8a7773f elementor-widget elementor-widget-text-editor\" data-id=\"8a7773f\" data-element_type=\"widget\" data-e-type=\"widget\" data-widget_type=\"text-editor.default\">\n\t\t\t\t<div class=\"elementor-widget-container\">\n\t\t\t\t\t\t\t\t\t<p><span style=\"font-weight: 400;\">Seu Delivery com mais <strong>visibilidade<\/strong> no Google.<\/span><\/p>\t\t\t\t\t\t\t\t<\/div>\n\t\t\t\t<\/div>\n\t\t\t\t<div class=\"elementor-element elementor-element-66d3983 elementor-align-left elementor-mobile-align-center elementor-tablet-align-center elementor-widget elementor-widget-button\" data-id=\"66d3983\" data-element_type=\"widget\" data-e-type=\"widget\" data-widget_type=\"button.default\">\n\t\t\t\t<div class=\"elementor-widget-container\">\n\t\t\t\t\t\t\t\t\t<div class=\"elementor-button-wrapper\">\n\t\t\t\t\t<a class=\"elementor-button elementor-button-link elementor-size-sm elementor-animation-float\" href=\"https:\/\/wa.me\/5541999711051?text=Quero%20fazer%20parte%20do%20Chopp%20Express.%20A%20Maior%20Plataforma%20de%20Chopp%20do%20Brasil.\">\n\t\t\t\t\t\t<span class=\"elementor-button-content-wrapper\">\n\t\t\t\t\t\t\t\t\t<span class=\"elementor-button-text\">QUERO FAZER PARTE<\/span>\n\t\t\t\t\t<\/span>\n\t\t\t\t\t<\/a>\n\t\t\t\t<\/div>\n\t\t\t\t\t\t\t\t<\/div>\n\t\t\t\t<\/div>\n\t\t\t\t<\/div>\n\t\t<div class=\"elementor-element elementor-element-cefd060 e-con-full e-flex e-con e-child\" data-id=\"cefd060\" data-element_type=\"container\" data-e-type=\"container\">\n\t\t<div class=\"elementor-element elementor-element-2eb0150 e-con-full e-flex e-con e-child\" data-id=\"2eb0150\" data-element_type=\"container\" data-e-type=\"container\">\n\t\t\t\t<div class=\"elementor-element elementor-element-f11fcad elementor-widget elementor-widget-gallery\" data-id=\"f11fcad\" data-element_type=\"widget\" data-e-type=\"widget\" data-settings=\"{&quot;gallery_layout&quot;:&quot;justified&quot;,&quot;ideal_row_height&quot;:{&quot;unit&quot;:&quot;px&quot;,&quot;size&quot;:193,&quot;sizes&quot;:[]},&quot;gap&quot;:{&quot;unit&quot;:&quot;px&quot;,&quot;size&quot;:1,&quot;sizes&quot;:[]},&quot;lazyload&quot;:&quot;yes&quot;,&quot;ideal_row_height_tablet&quot;:{&quot;unit&quot;:&quot;px&quot;,&quot;size&quot;:150,&quot;sizes&quot;:[]},&quot;ideal_row_height_mobile&quot;:{&quot;unit&quot;:&quot;px&quot;,&quot;size&quot;:150,&quot;sizes&quot;:[]},&quot;gap_tablet&quot;:{&quot;unit&quot;:&quot;px&quot;,&quot;size&quot;:10,&quot;sizes&quot;:[]},&quot;gap_mobile&quot;:{&quot;unit&quot;:&quot;px&quot;,&quot;size&quot;:10,&quot;sizes&quot;:[]},&quot;link_to&quot;:&quot;file&quot;,&quot;overlay_background&quot;:&quot;yes&quot;,&quot;content_hover_animation&quot;:&quot;fade-in&quot;}\" data-widget_type=\"gallery.default\">\n\t\t\t\t<div class=\"elementor-widget-container\">\n\t\t\t\t\t\t\t<div class=\"elementor-gallery__container\">\n\t\t\t\t\t\t\t<a class=\"e-gallery-item elementor-gallery-item elementor-animated-content\" href=\"https:\/\/convite.choppexpress.com.br\/wp-content\/uploads\/2023\/09\/Captura-de-tela-20.09.2023-as-18.32.24-PM.png\" data-elementor-open-lightbox=\"yes\" data-elementor-lightbox-slideshow=\"all-f11fcad\" data-elementor-lightbox-title=\"Heineken\" data-e-action-hash=\"#elementor-action%3Aaction%3Dlightbox%26settings%3DeyJpZCI6MTA1LCJ1cmwiOiJodHRwczpcL1wvY29udml0ZS5jaG9wcGV4cHJlc3MuY29tLmJyXC93cC1jb250ZW50XC91cGxvYWRzXC8yMDIzXC8wOVwvQ2FwdHVyYS1kZS10ZWxhLTIwLjA5LjIwMjMtYXMtMTguMzIuMjQtUE0ucG5nIiwic2xpZGVzaG93IjoiYWxsLWYxMWZjYWQifQ%3D%3D\">\n\t\t\t\t\t<div class=\"e-gallery-image elementor-gallery-item__image\" data-thumbnail=\"https:\/\/convite.choppexpress.com.br\/wp-content\/uploads\/2023\/09\/Captura-de-tela-20.09.2023-as-18.32.24-PM-1024x577.png\" data-width=\"800\" data-height=\"451\" aria-label=\"\" role=\"img\" ><\/div>\n\t\t\t\t\t\t\t\t\t\t\t<div class=\"elementor-gallery-item__overlay\"><\/div>\n\t\t\t\t\t\t\t\t\t\t\t\t\t\t<\/a>\n\t\t\t\t\t\t\t<a class=\"e-gallery-item elementor-gallery-item elementor-animated-content\" href=\"https:\/\/convite.choppexpress.com.br\/wp-content\/uploads\/2023\/09\/Captura-de-tela-20.09.2023-as-18.33.24-PM.png\" data-elementor-open-lightbox=\"yes\" data-elementor-lightbox-slideshow=\"all-f11fcad\" data-elementor-lightbox-title=\"Brahma\" data-e-action-hash=\"#elementor-action%3Aaction%3Dlightbox%26settings%3DeyJpZCI6MTA0LCJ1cmwiOiJodHRwczpcL1wvY29udml0ZS5jaG9wcGV4cHJlc3MuY29tLmJyXC93cC1jb250ZW50XC91cGxvYWRzXC8yMDIzXC8wOVwvQ2FwdHVyYS1kZS10ZWxhLTIwLjA5LjIwMjMtYXMtMTguMzMuMjQtUE0ucG5nIiwic2xpZGVzaG93IjoiYWxsLWYxMWZjYWQifQ%3D%3D\">\n\t\t\t\t\t<div class=\"e-gallery-image elementor-gallery-item__image\" data-thumbnail=\"https:\/\/convite.choppexpress.com.br\/wp-content\/uploads\/2023\/09\/Captura-de-tela-20.09.2023-as-18.33.24-PM-1024x514.png\" data-width=\"800\" data-height=\"402\" aria-label=\"\" role=\"img\" ><\/div>\n\t\t\t\t\t\t\t\t\t\t\t<div class=\"elementor-gallery-item__overlay\"><\/div>\n\t\t\t\t\t\t\t\t\t\t\t\t\t\t<\/a>\n\t\t\t\t\t\t\t<a class=\"e-gallery-item elementor-gallery-item elementor-animated-content\" href=\"https:\/\/convite.choppexpress.com.br\/wp-content\/uploads\/2023\/09\/Captura-de-tela-20.09.2023-as-18.32.50-PM.png\" data-elementor-open-lightbox=\"yes\" data-elementor-lightbox-slideshow=\"all-f11fcad\" data-elementor-lightbox-title=\"Amstel\" data-e-action-hash=\"#elementor-action%3Aaction%3Dlightbox%26settings%3DeyJpZCI6MTA2LCJ1cmwiOiJodHRwczpcL1wvY29udml0ZS5jaG9wcGV4cHJlc3MuY29tLmJyXC93cC1jb250ZW50XC91cGxvYWRzXC8yMDIzXC8wOVwvQ2FwdHVyYS1kZS10ZWxhLTIwLjA5LjIwMjMtYXMtMTguMzIuNTAtUE0ucG5nIiwic2xpZGVzaG93IjoiYWxsLWYxMWZjYWQifQ%3D%3D\">\n\t\t\t\t\t<div class=\"e-gallery-image elementor-gallery-item__image\" data-thumbnail=\"https:\/\/convite.choppexpress.com.br\/wp-content\/uploads\/2023\/09\/Captura-de-tela-20.09.2023-as-18.32.50-PM-1024x325.png\" data-width=\"800\" data-height=\"254\" aria-label=\"\" role=\"img\" ><\/div>\n\t\t\t\t\t\t\t\t\t\t\t<div class=\"elementor-gallery-item__overlay\"><\/div>\n\t\t\t\t\t\t\t\t\t\t\t\t\t\t<\/a>\n\t\t\t\t\t<\/div>\n\t\t\t\t\t<\/div>\n\t\t\t\t<\/div>\n\t\t\t\t<\/div>\n\t\t\t\t<\/div>\n\t\t\t\t\t<\/div>\n\t\t\t\t<\/div>\n\t\t<div class=\"elementor-element elementor-element-f727040 e-flex e-con-boxed e-con e-parent\" data-id=\"f727040\" data-element_type=\"container\" data-e-type=\"container\" data-settings=\"{&quot;background_background&quot;:&quot;classic&quot;}\">\n\t\t\t\t\t<div class=\"e-con-inner\">\n\t\t<div class=\"elementor-element elementor-element-dafa10d e-con-full e-flex e-con e-child\" data-id=\"dafa10d\" data-element_type=\"container\" data-e-type=\"container\">\n\t\t<div class=\"elementor-element elementor-element-98dab9e e-flex e-con-boxed e-con e-child\" data-id=\"98dab9e\" data-element_type=\"container\" data-e-type=\"container\">\n\t\t\t\t\t<div class=\"e-con-inner\">\n\t\t\t\t<div class=\"elementor-element elementor-element-b7cd093 elementor-widget elementor-widget-heading\" data-id=\"b7cd093\" data-element_type=\"widget\" data-e-type=\"widget\" data-widget_type=\"heading.default\">\n\t\t\t\t<div class=\"elementor-widget-container\">\n\t\t\t\t\t<h2 class=\"elementor-heading-title elementor-size-default\">Os Melhores Deliveries e os Melhores Chopps est\u00e3o no Chopp Express<\/h2>\t\t\t\t<\/div>\n\t\t\t\t<\/div>\n\t\t\t\t<div class=\"elementor-element elementor-element-5ce81f2 elementor-widget elementor-widget-image\" data-id=\"5ce81f2\" data-element_type=\"widget\" data-e-type=\"widget\" data-widget_type=\"image.default\">\n\t\t\t\t<div class=\"elementor-widget-container\">\n\t\t\t\t\t\t\t\t\t\t\t\t\t\t\t<img fetchpriority=\"high\" decoding=\"async\" width=\"768\" height=\"565\" src=\"https:\/\/convite.choppexpress.com.br\/wp-content\/uploads\/2023\/09\/mockup-2-768x565.png\" class=\"attachment-medium_large size-medium_large wp-image-190\" alt=\"\" srcset=\"https:\/\/convite.choppexpress.com.br\/wp-content\/uploads\/2023\/09\/mockup-2-768x565.png 768w, https:\/\/convite.choppexpress.com.br\/wp-content\/uploads\/2023\/09\/mockup-2-300x221.png 300w, https:\/\/convite.choppexpress.com.br\/wp-content\/uploads\/2023\/09\/mockup-2-1024x753.png 1024w, https:\/\/convite.choppexpress.com.br\/wp-content\/uploads\/2023\/09\/mockup-2-1536x1130.png 1536w, https:\/\/convite.choppexpress.com.br\/wp-content\/uploads\/2023\/09\/mockup-2-2048x1506.png 2048w\" sizes=\"(max-width: 768px) 100vw, 768px\" \/>\t\t\t\t\t\t\t\t\t\t\t\t\t\t\t<\/div>\n\t\t\t\t<\/div>\n\t\t\t\t<div class=\"elementor-element elementor-element-aa69f3b elementor-align-center elementor-tablet-align-center elementor-mobile-align-center elementor-widget elementor-widget-button\" data-id=\"aa69f3b\" data-element_type=\"widget\" data-e-type=\"widget\" data-widget_type=\"button.default\">\n\t\t\t\t<div class=\"elementor-widget-container\">\n\t\t\t\t\t\t\t\t\t<div class=\"elementor-button-wrapper\">\n\t\t\t\t\t<a class=\"elementor-button elementor-button-link elementor-size-sm elementor-animation-float\" href=\"http:\/\/www.choppexpress.com.br\" target=\"_blank\">\n\t\t\t\t\t\t<span class=\"elementor-button-content-wrapper\">\n\t\t\t\t\t\t\t\t\t<span class=\"elementor-button-text\">Conhe\u00e7a nosso site<\/span>\n\t\t\t\t\t<\/span>\n\t\t\t\t\t<\/a>\n\t\t\t\t<\/div>\n\t\t\t\t\t\t\t\t<\/div>\n\t\t\t\t<\/div>\n\t\t\t\t\t<\/div>\n\t\t\t\t<\/div>\n\t\t\t\t<\/div>\n\t\t\t\t\t<\/div>\n\t\t\t\t<\/div>\n\t\t\t\t<section class=\"elementor-section elementor-top-section elementor-element elementor-element-412ea3ae elementor-section-content-middle elementor-section-boxed elementor-section-height-default elementor-section-height-default\" data-id=\"412ea3ae\" data-element_type=\"section\" data-e-type=\"section\" data-settings=\"{&quot;background_background&quot;:&quot;classic&quot;}\">\n\t\t\t\t\t\t\t<div class=\"elementor-background-overlay\"><\/div>\n\t\t\t\t\t\t\t<div class=\"elementor-container elementor-column-gap-default\">\n\t\t\t\t\t<div class=\"elementor-column elementor-col-50 elementor-top-column elementor-element elementor-element-3496b770\" data-id=\"3496b770\" data-element_type=\"column\" data-e-type=\"column\">\n\t\t\t<div class=\"elementor-widget-wrap elementor-element-populated\">\n\t\t\t\t\t\t<div class=\"elementor-element elementor-element-74df37f7 elementor-widget elementor-widget-heading\" data-id=\"74df37f7\" data-element_type=\"widget\" data-e-type=\"widget\" data-widget_type=\"heading.default\">\n\t\t\t\t<div class=\"elementor-widget-container\">\n\t\t\t\t\t<h2 class=\"elementor-heading-title elementor-size-default\">O Chopp Express conecta quem quer comprar chopp com quem vende chopp.<\/h2>\t\t\t\t<\/div>\n\t\t\t\t<\/div>\n\t\t\t\t<div class=\"elementor-element elementor-element-4145cb30 elementor-align-left elementor-mobile-align-center elementor-tablet-align-center elementor-widget elementor-widget-button\" data-id=\"4145cb30\" data-element_type=\"widget\" data-e-type=\"widget\" data-widget_type=\"button.default\">\n\t\t\t\t<div class=\"elementor-widget-container\">\n\t\t\t\t\t\t\t\t\t<div class=\"elementor-button-wrapper\">\n\t\t\t\t\t<a class=\"elementor-button elementor-button-link elementor-size-sm elementor-animation-float\" href=\"https:\/\/wa.me\/5541999711051?text=Quero%20fazer%20parte%20do%20Chopp%20Express.%20A%20Maior%20Plataforma%20de%20Chopp%20do%20Brasil.\">\n\t\t\t\t\t\t<span class=\"elementor-button-content-wrapper\">\n\t\t\t\t\t\t\t\t\t<span class=\"elementor-button-text\">Cadastrar Meu Delivery<\/span>\n\t\t\t\t\t<\/span>\n\t\t\t\t\t<\/a>\n\t\t\t\t<\/div>\n\t\t\t\t\t\t\t\t<\/div>\n\t\t\t\t<\/div>\n\t\t\t\t\t<\/div>\n\t\t<\/div>\n\t\t\t\t<div class=\"elementor-column elementor-col-50 elementor-top-column elementor-element elementor-element-ecf680a\" data-id=\"ecf680a\" data-element_type=\"column\" data-e-type=\"column\">\n\t\t\t<div class=\"elementor-widget-wrap elementor-element-populated\">\n\t\t\t\t\t\t<div class=\"elementor-element elementor-element-4be3556 elementor-widget elementor-widget-image\" data-id=\"4be3556\" data-element_type=\"widget\" data-e-type=\"widget\" data-widget_type=\"image.default\">\n\t\t\t\t<div class=\"elementor-widget-container\">\n\t\t\t\t\t\t\t\t\t\t\t\t\t\t\t<img decoding=\"async\" width=\"800\" height=\"490\" src=\"https:\/\/convite.choppexpress.com.br\/wp-content\/uploads\/2023\/09\/happy-friends-group-drinking-beer-at-brewery-bar-outdoors-1024x627.jpg\" class=\"attachment-large size-large wp-image-34\" alt=\"\" srcset=\"https:\/\/convite.choppexpress.com.br\/wp-content\/uploads\/2023\/09\/happy-friends-group-drinking-beer-at-brewery-bar-outdoors-1024x627.jpg 1024w, https:\/\/convite.choppexpress.com.br\/wp-content\/uploads\/2023\/09\/happy-friends-group-drinking-beer-at-brewery-bar-outdoors-300x184.jpg 300w, https:\/\/convite.choppexpress.com.br\/wp-content\/uploads\/2023\/09\/happy-friends-group-drinking-beer-at-brewery-bar-outdoors-768x470.jpg 768w, https:\/\/convite.choppexpress.com.br\/wp-content\/uploads\/2023\/09\/happy-friends-group-drinking-beer-at-brewery-bar-outdoors-1536x941.jpg 1536w, https:\/\/convite.choppexpress.com.br\/wp-content\/uploads\/2023\/09\/happy-friends-group-drinking-beer-at-brewery-bar-outdoors.jpg 2000w\" sizes=\"(max-width: 800px) 100vw, 800px\" \/>\t\t\t\t\t\t\t\t\t\t\t\t\t\t\t<\/div>\n\t\t\t\t<\/div>\n\t\t\t\t\t<\/div>\n\t\t<\/div>\n\t\t\t\t\t<\/div>\n\t\t<\/section>\n\t\t\t\t<\/div>\n\t\t","protected":false},"excerpt":{"rendered":"<p>Bem vindo ao Chopp Express Fa\u00e7a parte da maior Plataforma de Chopp do Brasil QUERO FAZER PARTE Mais de 45 mil acessos org\u00e2nicos ao site por m\u00eas: Geramos grande visibilidade e oportunidades de neg\u00f3cios para o seu delivery. Um site r\u00e1pido e de f\u00e1cil navega\u00e7\u00e3o Seu Delivery com mais visibilidade no Google. QUERO FAZER PARTE [&hellip;]<\/p>\n","protected":false},"author":1,"featured_media":0,"parent":0,"menu_order":0,"comment_status":"closed","ping_status":"closed","template":"elementor_header_footer","meta":{"footnotes":""},"class_list":["post-41","page","type-page","status-publish","hentry"],"_links":{"self":[{"href":"https:\/\/convite.choppexpress.com.br\/index.php\/wp-json\/wp\/v2\/pages\/41","targetHints":{"allow":["GET"]}}],"collection":[{"href":"https:\/\/convite.choppexpress.com.br\/index.php\/wp-json\/wp\/v2\/pages"}],"about":[{"href":"https:\/\/convite.choppexpress.com.br\/index.php\/wp-json\/wp\/v2\/types\/page"}],"author":[{"embeddable":true,"href":"https:\/\/convite.choppexpress.com.br\/index.php\/wp-json\/wp\/v2\/users\/1"}],"replies":[{"embeddable":true,"href":"https:\/\/convite.choppexpress.com.br\/index.php\/wp-json\/wp\/v2\/comments?post=41"}],"version-history":[{"count":178,"href":"https:\/\/convite.choppexpress.com.br\/index.php\/wp-json\/wp\/v2\/pages\/41\/revisions"}],"predecessor-version":[{"id":272,"href":"https:\/\/convite.choppexpress.com.br\/index.php\/wp-json\/wp\/v2\/pages\/41\/revisions\/272"}],"wp:attachment":[{"href":"https:\/\/convite.choppexpress.com.br\/index.php\/wp-json\/wp\/v2\/media?parent=41"}],"curies":[{"name":"wp","href":"https:\/\/api.w.org\/{rel}","templated":true}]}}